{"id":172625,"date":"2025-12-02T14:04:01","date_gmt":"2025-12-02T13:04:01","guid":{"rendered":"https:\/\/popermint.com\/?post_type=product&#038;p=172625"},"modified":"2026-02-16T12:18:09","modified_gmt":"2026-02-16T11:18:09","slug":"izolirana-potovalna-skodelica-noir-echo-350-ml","status":"publish","type":"product","link":"https:\/\/popermint.com\/sl\/izolirana-potovalna-skodelica-noir-echo-350-ml\/","title":{"rendered":"Izolirana potovalna skodelica Noir Echo 350 ml"},"content":{"rendered":"","protected":false},"excerpt":{"rendered":"<p>Kavna skodelica Estia je popolna za u\u017eivanje v hladnih ali toplih pija\u010dah doma, na poti ali v avtu \u2013 njihova prakti\u010dna oblika se prilega ve\u010dini avtomobilskih dr\u017eal. Izdelane so iz nerjave\u010dega jekla 18\/8, ki ohranja naraven okus pija\u010de, medtem ko dvojna vakuumska izolacija poskrbi, da ostane pija\u010da hladna do 12 ur ali vro\u010da do 6 ur, brez \u201cpotenja\u201d zunanje stene. Tesnilni pokrov prepre\u010duje razlitje in ima odprtino za slamico iz nerjave\u010dega jekla.<\/p>\n","protected":false},"featured_media":172559,"template":"","meta":[],"product_brand":[],"product_cat":[972],"product_tag":[],"class_list":{"0":"post-172625","1":"product","2":"type-product","3":"status-publish","4":"has-post-thumbnail","6":"product_cat-estia-termovke","8":"first","9":"instock","10":"taxable","11":"shipping-taxable","12":"purchasable","13":"product-type-simple"},"_links":{"self":[{"href":"https:\/\/popermint.com\/sl\/wp-json\/wp\/v2\/product\/172625","targetHints":{"allow":["GET"]}}],"collection":[{"href":"https:\/\/popermint.com\/sl\/wp-json\/wp\/v2\/product"}],"about":[{"href":"https:\/\/popermint.com\/sl\/wp-json\/wp\/v2\/types\/product"}],"wp:featuredmedia":[{"embeddable":true,"href":"https:\/\/popermint.com\/sl\/wp-json\/wp\/v2\/media\/172559"}],"wp:attachment":[{"href":"https:\/\/popermint.com\/sl\/wp-json\/wp\/v2\/media?parent=172625"}],"wp:term":[{"taxonomy":"product_brand","embeddable":true,"href":"https:\/\/popermint.com\/sl\/wp-json\/wp\/v2\/product_brand?post=172625"},{"taxonomy":"product_cat","embeddable":true,"href":"https:\/\/popermint.com\/sl\/wp-json\/wp\/v2\/product_cat?post=172625"},{"taxonomy":"product_tag","embeddable":true,"href":"https:\/\/popermint.com\/sl\/wp-json\/wp\/v2\/product_tag?post=172625"}],"curies":[{"name":"wp","href":"https:\/\/api.w.org\/{rel}","templated":true}]}}