{"id":172626,"date":"2025-12-02T14:04:01","date_gmt":"2025-12-02T13:04:01","guid":{"rendered":"https:\/\/popermint.com\/?post_type=product&#038;p=172626"},"modified":"2026-04-03T10:41:58","modified_gmt":"2026-04-03T08:41:58","slug":"izolirana-potovalna-steklenicka-spotted-prowl-500-ml","status":"publish","type":"product","link":"https:\/\/popermint.com\/sl\/izolirana-potovalna-steklenicka-spotted-prowl-500-ml\/","title":{"rendered":"Izolirana potovalna stekleni\u010dka Spotted Prowl 500 ml"},"content":{"rendered":"","protected":false},"excerpt":{"rendered":"<p>Izolirana potovalna stekleni\u010dka Estia je zasnovana za udobje med vsakodnevnimi aktivnostmi, od poti v slu\u017ebo do telovadbe. Izdelana iz kakovostnega nerjave\u010dega jekla 18\/8 in z vakuumsko izolacijo ohranjajo pija\u010do hladno do 24 ur ali vro\u010do do 12 ur, ne da bi se zunanja stena segrela ali \u201crosila\u201d. Kompaktna in ergonomska oblika omogo\u010da udoben oprijem ter sodoben videz. 100-odstotno neprepusten pokrov zagotavlja popolno za\u0161\u010dito pred pu\u0161\u010danjem, medtem ko konstrukcija ohranja pristen okus pija\u010de v vsakem po\u017eirku.<\/p>\n","protected":false},"featured_media":172581,"template":"","meta":[],"product_brand":[],"product_cat":[972,990],"product_tag":[],"class_list":{"0":"post-172626","1":"product","2":"type-product","3":"status-publish","4":"has-post-thumbnail","6":"product_cat-estia-termovke","7":"product_cat-izbor-tedna","9":"first","10":"instock","11":"taxable","12":"shipping-taxable","13":"purchasable","14":"product-type-simple"},"_links":{"self":[{"href":"https:\/\/popermint.com\/sl\/wp-json\/wp\/v2\/product\/172626","targetHints":{"allow":["GET"]}}],"collection":[{"href":"https:\/\/popermint.com\/sl\/wp-json\/wp\/v2\/product"}],"about":[{"href":"https:\/\/popermint.com\/sl\/wp-json\/wp\/v2\/types\/product"}],"wp:featuredmedia":[{"embeddable":true,"href":"https:\/\/popermint.com\/sl\/wp-json\/wp\/v2\/media\/172581"}],"wp:attachment":[{"href":"https:\/\/popermint.com\/sl\/wp-json\/wp\/v2\/media?parent=172626"}],"wp:term":[{"taxonomy":"product_brand","embeddable":true,"href":"https:\/\/popermint.com\/sl\/wp-json\/wp\/v2\/product_brand?post=172626"},{"taxonomy":"product_cat","embeddable":true,"href":"https:\/\/popermint.com\/sl\/wp-json\/wp\/v2\/product_cat?post=172626"},{"taxonomy":"product_tag","embeddable":true,"href":"https:\/\/popermint.com\/sl\/wp-json\/wp\/v2\/product_tag?post=172626"}],"curies":[{"name":"wp","href":"https:\/\/api.w.org\/{rel}","templated":true}]}}