{"id":172633,"date":"2025-12-02T14:04:01","date_gmt":"2025-12-02T13:04:01","guid":{"rendered":"https:\/\/popermint.com\/?post_type=product&#038;p=172633"},"modified":"2026-03-08T20:51:37","modified_gmt":"2026-03-08T19:51:37","slug":"izolirani-potovalni-kozarec-blossom-rose-900-ml","status":"publish","type":"product","link":"https:\/\/popermint.com\/sl\/izolirani-potovalni-kozarec-blossom-rose-900-ml\/","title":{"rendered":"Izolirani potovalni kozarec Blossom Rose 900 ml"},"content":{"rendered":"","protected":false},"excerpt":{"rendered":"<p>Estia kozarec s slamico je idealen spremljevalec za na pot, v slu\u017ebo, na sprehod in v telovadnico! Izdelan je iz visokokakovostnega nerjave\u010dega jekla 18\/8, tako znotraj kot zunaj, zato nudi popolno varnost in ohranja okus pija\u010de nespremenjen. Dvojna stenska izolacija ohranja va\u0161e pija\u010de hladne do 12 ur in vro\u010de do 6 ur, pra\u0161no lakirana zunanjost pa zagotavlja vzdr\u017eljivost. S prostornino 900 ml in udobnim ro\u010dajem za enostavno dr\u017eanje ima ta kozarec pokrov, ki prepre\u010duje razlitje, ter slamico za ve\u010dkratno uporabo.<\/p>\n","protected":false},"featured_media":172615,"template":"","meta":[],"product_brand":[],"product_cat":[972],"product_tag":[],"class_list":{"0":"post-172633","1":"product","2":"type-product","3":"status-publish","4":"has-post-thumbnail","6":"product_cat-estia-termovke","8":"first","9":"instock","10":"taxable","11":"shipping-taxable","12":"purchasable","13":"product-type-simple"},"_links":{"self":[{"href":"https:\/\/popermint.com\/sl\/wp-json\/wp\/v2\/product\/172633","targetHints":{"allow":["GET"]}}],"collection":[{"href":"https:\/\/popermint.com\/sl\/wp-json\/wp\/v2\/product"}],"about":[{"href":"https:\/\/popermint.com\/sl\/wp-json\/wp\/v2\/types\/product"}],"wp:featuredmedia":[{"embeddable":true,"href":"https:\/\/popermint.com\/sl\/wp-json\/wp\/v2\/media\/172615"}],"wp:attachment":[{"href":"https:\/\/popermint.com\/sl\/wp-json\/wp\/v2\/media?parent=172633"}],"wp:term":[{"taxonomy":"product_brand","embeddable":true,"href":"https:\/\/popermint.com\/sl\/wp-json\/wp\/v2\/product_brand?post=172633"},{"taxonomy":"product_cat","embeddable":true,"href":"https:\/\/popermint.com\/sl\/wp-json\/wp\/v2\/product_cat?post=172633"},{"taxonomy":"product_tag","embeddable":true,"href":"https:\/\/popermint.com\/sl\/wp-json\/wp\/v2\/product_tag?post=172633"}],"curies":[{"name":"wp","href":"https:\/\/api.w.org\/{rel}","templated":true}]}}