{"id":173481,"date":"2025-12-09T12:18:21","date_gmt":"2025-12-09T11:18:21","guid":{"rendered":"https:\/\/popermint.com\/?post_type=product&#038;p=173481"},"modified":"2025-12-09T13:26:31","modified_gmt":"2025-12-09T12:26:31","slug":"obesek-za-kljuce-kljuc-in-srce","status":"publish","type":"product","link":"https:\/\/popermint.com\/sl\/obesek-za-kljuce-kljuc-in-srce\/","title":{"rendered":"Obesek za klju\u010de Klju\u010d in srce"},"content":{"rendered":"","protected":false},"excerpt":{"rendered":"<p>Obeski Metalmorphose so unikatno oblikovani dodatki, ki izra\u017eajo va\u0161 osebni stil. Izdelani so iz kakovostnih, trpe\u017enih materialov in dovr\u0161eni z detajli, ki pritegnejo pozornost. Popolni so za klju\u010de, torbice ali kot izvirno darilo. Popestrite svoj vsakdan z dodatkom, ki izstopa.<\/p>\n","protected":false},"featured_media":173440,"template":"","meta":[],"product_brand":[],"product_cat":[929],"product_tag":[],"class_list":{"0":"post-173481","1":"product","2":"type-product","3":"status-publish","4":"has-post-thumbnail","6":"product_cat-metalmorphose-obeski-za-kljuce","8":"first","9":"instock","10":"taxable","11":"shipping-taxable","12":"purchasable","13":"product-type-simple"},"_links":{"self":[{"href":"https:\/\/popermint.com\/sl\/wp-json\/wp\/v2\/product\/173481","targetHints":{"allow":["GET"]}}],"collection":[{"href":"https:\/\/popermint.com\/sl\/wp-json\/wp\/v2\/product"}],"about":[{"href":"https:\/\/popermint.com\/sl\/wp-json\/wp\/v2\/types\/product"}],"wp:featuredmedia":[{"embeddable":true,"href":"https:\/\/popermint.com\/sl\/wp-json\/wp\/v2\/media\/173440"}],"wp:attachment":[{"href":"https:\/\/popermint.com\/sl\/wp-json\/wp\/v2\/media?parent=173481"}],"wp:term":[{"taxonomy":"product_brand","embeddable":true,"href":"https:\/\/popermint.com\/sl\/wp-json\/wp\/v2\/product_brand?post=173481"},{"taxonomy":"product_cat","embeddable":true,"href":"https:\/\/popermint.com\/sl\/wp-json\/wp\/v2\/product_cat?post=173481"},{"taxonomy":"product_tag","embeddable":true,"href":"https:\/\/popermint.com\/sl\/wp-json\/wp\/v2\/product_tag?post=173481"}],"curies":[{"name":"wp","href":"https:\/\/api.w.org\/{rel}","templated":true}]}}