{"id":185707,"date":"2026-03-13T18:35:34","date_gmt":"2026-03-13T17:35:34","guid":{"rendered":"https:\/\/popermint.com\/?post_type=product&#038;p=185707"},"modified":"2026-03-13T19:10:49","modified_gmt":"2026-03-13T18:10:49","slug":"bralna-ocala-b-reading-black-2","status":"publish","type":"product","link":"https:\/\/popermint.com\/sl\/bralna-ocala-b-reading-black-2\/","title":{"rendered":"Bralna o\u010dala  #B Reading Black"},"content":{"rendered":"","protected":false},"excerpt":{"rendered":"<p>Bralna o\u010dala #B READING: bralna o\u010dala za presbiopijo, elegantna, klasi\u010dna, pravokotna oblika. Unisex, univerzalni model. Izvirna, modna oblika. Visokokakovostna, lahka, udobna bralna o\u010dala: fleksibilni ro\u010daji, gumijasta tekstura &#8230; nepogre\u0161ljiva za vsakdanje \u017eivljenje. Privo\u0161\u010dite si moden videz!<\/p>\n","protected":false},"featured_media":185505,"template":"","meta":[],"product_brand":[],"product_cat":[923,924],"product_tag":[],"class_list":{"0":"post-185707","1":"product","2":"type-product","3":"status-publish","4":"has-post-thumbnail","6":"product_cat-izipizi-ocala","7":"product_cat-bralna-ocala-izipizi","9":"first","10":"instock","11":"taxable","12":"shipping-taxable","13":"purchasable","14":"product-type-variable"},"_links":{"self":[{"href":"https:\/\/popermint.com\/sl\/wp-json\/wp\/v2\/product\/185707","targetHints":{"allow":["GET"]}}],"collection":[{"href":"https:\/\/popermint.com\/sl\/wp-json\/wp\/v2\/product"}],"about":[{"href":"https:\/\/popermint.com\/sl\/wp-json\/wp\/v2\/types\/product"}],"wp:featuredmedia":[{"embeddable":true,"href":"https:\/\/popermint.com\/sl\/wp-json\/wp\/v2\/media\/185505"}],"wp:attachment":[{"href":"https:\/\/popermint.com\/sl\/wp-json\/wp\/v2\/media?parent=185707"}],"wp:term":[{"taxonomy":"product_brand","embeddable":true,"href":"https:\/\/popermint.com\/sl\/wp-json\/wp\/v2\/product_brand?post=185707"},{"taxonomy":"product_cat","embeddable":true,"href":"https:\/\/popermint.com\/sl\/wp-json\/wp\/v2\/product_cat?post=185707"},{"taxonomy":"product_tag","embeddable":true,"href":"https:\/\/popermint.com\/sl\/wp-json\/wp\/v2\/product_tag?post=185707"}],"curies":[{"name":"wp","href":"https:\/\/api.w.org\/{rel}","templated":true}]}}