{"id":185710,"date":"2026-03-13T18:35:34","date_gmt":"2026-03-13T17:35:34","guid":{"rendered":"https:\/\/popermint.com\/?post_type=product&#038;p=185710"},"modified":"2026-03-13T19:10:50","modified_gmt":"2026-03-13T18:10:50","slug":"bralna-ocala-l-reading-crystal","status":"publish","type":"product","link":"https:\/\/popermint.com\/sl\/bralna-ocala-l-reading-crystal\/","title":{"rendered":"Bralna o\u010dala  #L Reading Crystal"},"content":{"rendered":"","protected":false},"excerpt":{"rendered":"<p>Bralna o\u010dala #L READING: bralna o\u010dala za starovidnost, tanke, okrogle oblike. Unisex, univerzalni model. Originalen, moden dizajn. Visokokakovostna, lahka in udobna o\u010dala za branje: pro\u017ene ro\u010dice, mat u\u010dinek.<\/p>\n","protected":false},"featured_media":185545,"template":"","meta":[],"product_brand":[],"product_cat":[923,924],"product_tag":[],"class_list":{"0":"post-185710","1":"product","2":"type-product","3":"status-publish","4":"has-post-thumbnail","6":"product_cat-izipizi-ocala","7":"product_cat-bralna-ocala-izipizi","9":"first","10":"instock","11":"taxable","12":"shipping-taxable","13":"purchasable","14":"product-type-variable"},"_links":{"self":[{"href":"https:\/\/popermint.com\/sl\/wp-json\/wp\/v2\/product\/185710","targetHints":{"allow":["GET"]}}],"collection":[{"href":"https:\/\/popermint.com\/sl\/wp-json\/wp\/v2\/product"}],"about":[{"href":"https:\/\/popermint.com\/sl\/wp-json\/wp\/v2\/types\/product"}],"wp:featuredmedia":[{"embeddable":true,"href":"https:\/\/popermint.com\/sl\/wp-json\/wp\/v2\/media\/185545"}],"wp:attachment":[{"href":"https:\/\/popermint.com\/sl\/wp-json\/wp\/v2\/media?parent=185710"}],"wp:term":[{"taxonomy":"product_brand","embeddable":true,"href":"https:\/\/popermint.com\/sl\/wp-json\/wp\/v2\/product_brand?post=185710"},{"taxonomy":"product_cat","embeddable":true,"href":"https:\/\/popermint.com\/sl\/wp-json\/wp\/v2\/product_cat?post=185710"},{"taxonomy":"product_tag","embeddable":true,"href":"https:\/\/popermint.com\/sl\/wp-json\/wp\/v2\/product_tag?post=185710"}],"curies":[{"name":"wp","href":"https:\/\/api.w.org\/{rel}","templated":true}]}}