{"id":185736,"date":"2026-03-13T18:35:32","date_gmt":"2026-03-13T17:35:32","guid":{"rendered":"https:\/\/popermint.com\/?post_type=product&#038;p=185736"},"modified":"2026-03-13T19:10:52","modified_gmt":"2026-03-13T18:10:52","slug":"bralna-ocala-d-reading-crossroads-wild-hooves","status":"publish","type":"product","link":"https:\/\/popermint.com\/sl\/bralna-ocala-d-reading-crossroads-wild-hooves\/","title":{"rendered":"Bralna o\u010dala #D Reading Crossroads Wild Hooves"},"content":{"rendered":"","protected":false},"excerpt":{"rendered":"<p>Bralna o\u010dala #D Crossroads prina\u0161ajo ob\u010dutek miru. Njihov mehak, a drzen okrogel okvir ustvarja uravnote\u017een videz. Popolna so za mirne trenutke z dobro knjigo in za tiha notranja potovanja.<\/p>\n","protected":false},"featured_media":185537,"template":"","meta":[],"product_brand":[],"product_cat":[923,924],"product_tag":[],"class_list":{"0":"post-185736","1":"product","2":"type-product","3":"status-publish","4":"has-post-thumbnail","6":"product_cat-izipizi-ocala","7":"product_cat-bralna-ocala-izipizi","9":"first","10":"instock","11":"taxable","12":"shipping-taxable","13":"purchasable","14":"product-type-variable"},"_links":{"self":[{"href":"https:\/\/popermint.com\/sl\/wp-json\/wp\/v2\/product\/185736","targetHints":{"allow":["GET"]}}],"collection":[{"href":"https:\/\/popermint.com\/sl\/wp-json\/wp\/v2\/product"}],"about":[{"href":"https:\/\/popermint.com\/sl\/wp-json\/wp\/v2\/types\/product"}],"wp:featuredmedia":[{"embeddable":true,"href":"https:\/\/popermint.com\/sl\/wp-json\/wp\/v2\/media\/185537"}],"wp:attachment":[{"href":"https:\/\/popermint.com\/sl\/wp-json\/wp\/v2\/media?parent=185736"}],"wp:term":[{"taxonomy":"product_brand","embeddable":true,"href":"https:\/\/popermint.com\/sl\/wp-json\/wp\/v2\/product_brand?post=185736"},{"taxonomy":"product_cat","embeddable":true,"href":"https:\/\/popermint.com\/sl\/wp-json\/wp\/v2\/product_cat?post=185736"},{"taxonomy":"product_tag","embeddable":true,"href":"https:\/\/popermint.com\/sl\/wp-json\/wp\/v2\/product_tag?post=185736"}],"curies":[{"name":"wp","href":"https:\/\/api.w.org\/{rel}","templated":true}]}}