{"id":185744,"date":"2026-03-13T18:35:31","date_gmt":"2026-03-13T17:35:31","guid":{"rendered":"https:\/\/popermint.com\/?post_type=product&#038;p=185744"},"modified":"2026-03-13T19:10:53","modified_gmt":"2026-03-13T18:10:53","slug":"soncna-ocala-e-sun-golden-green","status":"publish","type":"product","link":"https:\/\/popermint.com\/sl\/soncna-ocala-e-sun-golden-green\/","title":{"rendered":"Son\u010dna o\u010dala  #E Sun Golden Green"},"content":{"rendered":"","protected":false},"excerpt":{"rendered":"<p>Son\u010dna o\u010dala \u2013 Oblika #E SUN: kvadratna, brez\u010dasna, eden najbolje prodajanih modelov. Za\u0161\u010dita pred soncem: Kategorija 3. UV za\u0161\u010dita: 100% za\u0161\u010dita pred UV \u017earki, zmanj\u0161uje ble\u0161\u010danje in \u0161\u010diti o\u010di pred \u0161kodljivim sevanjem. S svojim originalnim in modernim dizajnom, pro\u017enimi ro\u010dicami ter mat u\u010dinkom #E SUN ponuja kakovost, slog in udobje.<\/p>\n","protected":false},"featured_media":185631,"template":"","meta":[],"product_brand":[],"product_cat":[923,925],"product_tag":[],"class_list":{"0":"post-185744","1":"product","2":"type-product","3":"status-publish","4":"has-post-thumbnail","6":"product_cat-izipizi-ocala","7":"product_cat-soncna-ocala-izipizi","9":"first","10":"instock","11":"taxable","12":"shipping-taxable","13":"purchasable","14":"product-type-simple"},"_links":{"self":[{"href":"https:\/\/popermint.com\/sl\/wp-json\/wp\/v2\/product\/185744","targetHints":{"allow":["GET"]}}],"collection":[{"href":"https:\/\/popermint.com\/sl\/wp-json\/wp\/v2\/product"}],"about":[{"href":"https:\/\/popermint.com\/sl\/wp-json\/wp\/v2\/types\/product"}],"wp:featuredmedia":[{"embeddable":true,"href":"https:\/\/popermint.com\/sl\/wp-json\/wp\/v2\/media\/185631"}],"wp:attachment":[{"href":"https:\/\/popermint.com\/sl\/wp-json\/wp\/v2\/media?parent=185744"}],"wp:term":[{"taxonomy":"product_brand","embeddable":true,"href":"https:\/\/popermint.com\/sl\/wp-json\/wp\/v2\/product_brand?post=185744"},{"taxonomy":"product_cat","embeddable":true,"href":"https:\/\/popermint.com\/sl\/wp-json\/wp\/v2\/product_cat?post=185744"},{"taxonomy":"product_tag","embeddable":true,"href":"https:\/\/popermint.com\/sl\/wp-json\/wp\/v2\/product_tag?post=185744"}],"curies":[{"name":"wp","href":"https:\/\/api.w.org\/{rel}","templated":true}]}}