{"id":186250,"date":"2026-03-20T17:11:22","date_gmt":"2026-03-20T16:11:22","guid":{"rendered":"https:\/\/popermint.com\/?post_type=product&#038;p=186250"},"modified":"2026-04-21T14:09:21","modified_gmt":"2026-04-21T12:09:21","slug":"termo-timeless-steklenicka-dark","status":"publish","type":"product","link":"https:\/\/popermint.com\/sl\/termo-timeless-steklenicka-dark\/","title":{"rendered":"Termo Timeless stekleni\u010dka Dark"},"content":{"rendered":"","protected":false},"excerpt":{"rendered":"<p>Kupi enkrat. Uporabljaj za vedno. Stekleni\u010dka, ki te spremlja od jutra do ve\u010dera. Izdelana iz trpe\u017enega nerjave\u010dega jekla z dvojno vakuumsko izolacijo, ohranja tvojo pija\u010do hladno 24 ur in toplo 12 ur.<\/p>\n","protected":false},"featured_media":186130,"template":"","meta":[],"product_brand":[],"product_cat":[988,996],"product_tag":[],"class_list":{"0":"post-186250","1":"product","2":"type-product","3":"status-publish","4":"has-post-thumbnail","6":"product_cat-equa","7":"product_cat-hidracija","9":"first","10":"instock","11":"taxable","12":"shipping-taxable","13":"purchasable","14":"product-type-simple"},"_links":{"self":[{"href":"https:\/\/popermint.com\/sl\/wp-json\/wp\/v2\/product\/186250","targetHints":{"allow":["GET"]}}],"collection":[{"href":"https:\/\/popermint.com\/sl\/wp-json\/wp\/v2\/product"}],"about":[{"href":"https:\/\/popermint.com\/sl\/wp-json\/wp\/v2\/types\/product"}],"wp:featuredmedia":[{"embeddable":true,"href":"https:\/\/popermint.com\/sl\/wp-json\/wp\/v2\/media\/186130"}],"wp:attachment":[{"href":"https:\/\/popermint.com\/sl\/wp-json\/wp\/v2\/media?parent=186250"}],"wp:term":[{"taxonomy":"product_brand","embeddable":true,"href":"https:\/\/popermint.com\/sl\/wp-json\/wp\/v2\/product_brand?post=186250"},{"taxonomy":"product_cat","embeddable":true,"href":"https:\/\/popermint.com\/sl\/wp-json\/wp\/v2\/product_cat?post=186250"},{"taxonomy":"product_tag","embeddable":true,"href":"https:\/\/popermint.com\/sl\/wp-json\/wp\/v2\/product_tag?post=186250"}],"curies":[{"name":"wp","href":"https:\/\/api.w.org\/{rel}","templated":true}]}}