{"id":186262,"date":"2026-03-20T17:11:20","date_gmt":"2026-03-20T16:11:20","guid":{"rendered":"https:\/\/popermint.com\/?post_type=product&#038;p=186262"},"modified":"2026-04-21T14:09:23","modified_gmt":"2026-04-21T12:09:23","slug":"termo-loncek-mullberry","status":"publish","type":"product","link":"https:\/\/popermint.com\/sl\/termo-loncek-mullberry\/","title":{"rendered":"Termo lon\u010dek Mullberry"},"content":{"rendered":"","protected":false},"excerpt":{"rendered":"<p>Zasnovan je tako, da se brez te\u017eav vklju\u010di v tvojo jutranjo rutino in ti pomaga, da se po\u010duti\u0161 dobro \u017ee od trenutka, ko se zbudi\u0161. Skupaj z izbranim gorivom Equa termo lon\u010dek predstavlja popoln za\u010detek jutranjega rituala, ki te bo pripravil na uspeh.<\/p>\n","protected":false},"featured_media":186206,"template":"","meta":[],"product_brand":[],"product_cat":[988,996],"product_tag":[],"class_list":{"0":"post-186262","1":"product","2":"type-product","3":"status-publish","4":"has-post-thumbnail","6":"product_cat-equa","7":"product_cat-hidracija","9":"first","10":"instock","11":"taxable","12":"shipping-taxable","13":"purchasable","14":"product-type-simple"},"_links":{"self":[{"href":"https:\/\/popermint.com\/sl\/wp-json\/wp\/v2\/product\/186262","targetHints":{"allow":["GET"]}}],"collection":[{"href":"https:\/\/popermint.com\/sl\/wp-json\/wp\/v2\/product"}],"about":[{"href":"https:\/\/popermint.com\/sl\/wp-json\/wp\/v2\/types\/product"}],"wp:featuredmedia":[{"embeddable":true,"href":"https:\/\/popermint.com\/sl\/wp-json\/wp\/v2\/media\/186206"}],"wp:attachment":[{"href":"https:\/\/popermint.com\/sl\/wp-json\/wp\/v2\/media?parent=186262"}],"wp:term":[{"taxonomy":"product_brand","embeddable":true,"href":"https:\/\/popermint.com\/sl\/wp-json\/wp\/v2\/product_brand?post=186262"},{"taxonomy":"product_cat","embeddable":true,"href":"https:\/\/popermint.com\/sl\/wp-json\/wp\/v2\/product_cat?post=186262"},{"taxonomy":"product_tag","embeddable":true,"href":"https:\/\/popermint.com\/sl\/wp-json\/wp\/v2\/product_tag?post=186262"}],"curies":[{"name":"wp","href":"https:\/\/api.w.org\/{rel}","templated":true}]}}