{"id":20672,"date":"2021-02-22T22:48:45","date_gmt":"2021-02-22T21:48:45","guid":{"rendered":"https:\/\/popermint.com\/product\/import-placeholder-for-1-3-7-1-22\/"},"modified":"2022-01-20T20:24:36","modified_gmt":"2022-01-20T19:24:36","slug":"white","status":"publish","type":"product","link":"https:\/\/popermint.com\/sl\/white\/","title":{"rendered":"White"},"content":{"rendered":"","protected":false},"excerpt":{"rendered":"<p>Motiv, natisnjen z digitalno tehniko na 300-gramski, visoko kakovostni papir, je vpet v ro\u010dno izdelan okvir novozelandskega bora. Okvir je opremljen z mehanizmom za obe\u0161anje, grafika je za\u0161\u010ditena s premium akrilnim steklom.<\/p>\n","protected":false},"featured_media":20689,"template":"","meta":[],"product_brand":[],"product_cat":[475],"product_tag":[],"class_list":{"0":"post-20672","1":"product","2":"type-product","3":"status-publish","4":"has-post-thumbnail","6":"product_cat-statementwall-grafika-v-okvirju","8":"first","9":"instock","10":"taxable","11":"shipping-taxable","12":"purchasable","13":"product-type-variable"},"_links":{"self":[{"href":"https:\/\/popermint.com\/sl\/wp-json\/wp\/v2\/product\/20672","targetHints":{"allow":["GET"]}}],"collection":[{"href":"https:\/\/popermint.com\/sl\/wp-json\/wp\/v2\/product"}],"about":[{"href":"https:\/\/popermint.com\/sl\/wp-json\/wp\/v2\/types\/product"}],"wp:featuredmedia":[{"embeddable":true,"href":"https:\/\/popermint.com\/sl\/wp-json\/wp\/v2\/media\/20689"}],"wp:attachment":[{"href":"https:\/\/popermint.com\/sl\/wp-json\/wp\/v2\/media?parent=20672"}],"wp:term":[{"taxonomy":"product_brand","embeddable":true,"href":"https:\/\/popermint.com\/sl\/wp-json\/wp\/v2\/product_brand?post=20672"},{"taxonomy":"product_cat","embeddable":true,"href":"https:\/\/popermint.com\/sl\/wp-json\/wp\/v2\/product_cat?post=20672"},{"taxonomy":"product_tag","embeddable":true,"href":"https:\/\/popermint.com\/sl\/wp-json\/wp\/v2\/product_tag?post=20672"}],"curies":[{"name":"wp","href":"https:\/\/api.w.org\/{rel}","templated":true}]}}