{"id":20804,"date":"2021-02-23T19:30:22","date_gmt":"2021-02-23T18:30:22","guid":{"rendered":"https:\/\/popermint.com\/product\/oh-deer\/"},"modified":"2022-01-20T20:23:30","modified_gmt":"2022-01-20T19:23:30","slug":"oh-deer","status":"publish","type":"product","link":"https:\/\/popermint.com\/sl\/oh-deer\/","title":{"rendered":"Oh Deer"},"content":{"rendered":"","protected":false},"excerpt":{"rendered":"<p>Motiv, natisnjen z digitalno tehniko na 300-gramski, visoko kakovostni papir, je vpet v ro\u010dno izdelan okvir novozelandskega bora. Okvir je opremljen z mehanizmom za obe\u0161anje, grafika je za\u0161\u010ditena s premium akrilnim steklom.<\/p>\n","protected":false},"featured_media":21149,"template":"","meta":[],"product_brand":[],"product_cat":[475],"product_tag":[],"class_list":{"0":"post-20804","1":"product","2":"type-product","3":"status-publish","4":"has-post-thumbnail","6":"product_cat-statementwall-grafika-v-okvirju","8":"first","9":"instock","10":"featured","11":"taxable","12":"shipping-taxable","13":"purchasable","14":"product-type-variable"},"_links":{"self":[{"href":"https:\/\/popermint.com\/sl\/wp-json\/wp\/v2\/product\/20804","targetHints":{"allow":["GET"]}}],"collection":[{"href":"https:\/\/popermint.com\/sl\/wp-json\/wp\/v2\/product"}],"about":[{"href":"https:\/\/popermint.com\/sl\/wp-json\/wp\/v2\/types\/product"}],"wp:featuredmedia":[{"embeddable":true,"href":"https:\/\/popermint.com\/sl\/wp-json\/wp\/v2\/media\/21149"}],"wp:attachment":[{"href":"https:\/\/popermint.com\/sl\/wp-json\/wp\/v2\/media?parent=20804"}],"wp:term":[{"taxonomy":"product_brand","embeddable":true,"href":"https:\/\/popermint.com\/sl\/wp-json\/wp\/v2\/product_brand?post=20804"},{"taxonomy":"product_cat","embeddable":true,"href":"https:\/\/popermint.com\/sl\/wp-json\/wp\/v2\/product_cat?post=20804"},{"taxonomy":"product_tag","embeddable":true,"href":"https:\/\/popermint.com\/sl\/wp-json\/wp\/v2\/product_tag?post=20804"}],"curies":[{"name":"wp","href":"https:\/\/api.w.org\/{rel}","templated":true}]}}