{"id":23471,"date":"2021-08-12T14:51:53","date_gmt":"2021-08-12T12:51:53","guid":{"rendered":"https:\/\/popermint.com\/green-sprinkle\/"},"modified":"2025-07-14T11:10:33","modified_gmt":"2025-07-14T09:10:33","slug":"green-sprinkle","status":"publish","type":"product","link":"https:\/\/popermint.com\/sl\/green-sprinkle\/","title":{"rendered":"Green Sprinkle"},"content":{"rendered":"","protected":false},"excerpt":{"rendered":"<p>Notabag je prakti\u010dna in modna kombinacija, saj se iz torbe preoblikuje v nahrbtnik le z enim samim potegom trakov. V torbi je pritrjen \u017eep, v katerem lahko hranite drobnarije. Ko torba ni v uporabi, se zlo\u017ei v svoj lasten \u017eep. Izdelek je oblikovan v Nem\u010diji in je prejemnik treh nagrad za design.<\/p>\n","protected":false},"featured_media":23408,"template":"","meta":[],"product_brand":[],"product_cat":[518,527],"product_tag":[],"class_list":{"0":"post-23471","1":"product","2":"type-product","3":"status-publish","4":"has-post-thumbnail","6":"product_cat-notabag","7":"product_cat-bag-backpack-in-one","9":"first","10":"instock","11":"taxable","12":"shipping-taxable","13":"purchasable","14":"product-type-simple"},"_links":{"self":[{"href":"https:\/\/popermint.com\/sl\/wp-json\/wp\/v2\/product\/23471","targetHints":{"allow":["GET"]}}],"collection":[{"href":"https:\/\/popermint.com\/sl\/wp-json\/wp\/v2\/product"}],"about":[{"href":"https:\/\/popermint.com\/sl\/wp-json\/wp\/v2\/types\/product"}],"wp:featuredmedia":[{"embeddable":true,"href":"https:\/\/popermint.com\/sl\/wp-json\/wp\/v2\/media\/23408"}],"wp:attachment":[{"href":"https:\/\/popermint.com\/sl\/wp-json\/wp\/v2\/media?parent=23471"}],"wp:term":[{"taxonomy":"product_brand","embeddable":true,"href":"https:\/\/popermint.com\/sl\/wp-json\/wp\/v2\/product_brand?post=23471"},{"taxonomy":"product_cat","embeddable":true,"href":"https:\/\/popermint.com\/sl\/wp-json\/wp\/v2\/product_cat?post=23471"},{"taxonomy":"product_tag","embeddable":true,"href":"https:\/\/popermint.com\/sl\/wp-json\/wp\/v2\/product_tag?post=23471"}],"curies":[{"name":"wp","href":"https:\/\/api.w.org\/{rel}","templated":true}]}}