{"id":23892,"date":"2021-09-13T19:30:05","date_gmt":"2021-09-13T17:30:05","guid":{"rendered":"https:\/\/popermint.com\/?post_type=product&#038;p=23892"},"modified":"2024-03-07T13:22:57","modified_gmt":"2024-03-07T12:22:57","slug":"vrednostni-bon-40","status":"publish","type":"product","link":"https:\/\/popermint.com\/sl\/vrednostni-bon-40\/","title":{"rendered":"Vrednostni bon 40"},"content":{"rendered":"","protected":false},"excerpt":{"rendered":"<p>S tem vrednostnim bonom lahko obdarite va\u0161e prijatelje, va\u0161e najbli\u017eje in najdra\u017eje. Bon boste prejeli natisnjen na visoko kakovostnem 300g papirju, kjer bo vpisana tudi unikatna koda. Z bonom je mogo\u010de opraviti enkartni spletni nakup v na\u0161i spletni trgovini. Po\u0161tnina pri nakupu s tem bonom je brezpla\u010dna. \u010cas dostave bona je 1-3 delovne dni. V kolikor boste nakup bona pla\u010dali s kartico, Paypal-om ali preko ban\u010dnega nakazila, boste poleg tiskanega bona, \u017ee v 24 urah prejeli tudi unikatno kodo na va\u0161 mail.<\/p>\n","protected":false},"featured_media":107852,"template":"","meta":[],"product_brand":[],"product_cat":[531],"product_tag":[],"class_list":{"0":"post-23892","1":"product","2":"type-product","3":"status-publish","4":"has-post-thumbnail","6":"product_cat-vrednostni-boni","8":"first","9":"instock","10":"taxable","11":"shipping-taxable","12":"purchasable","13":"product-type-simple"},"_links":{"self":[{"href":"https:\/\/popermint.com\/sl\/wp-json\/wp\/v2\/product\/23892","targetHints":{"allow":["GET"]}}],"collection":[{"href":"https:\/\/popermint.com\/sl\/wp-json\/wp\/v2\/product"}],"about":[{"href":"https:\/\/popermint.com\/sl\/wp-json\/wp\/v2\/types\/product"}],"wp:featuredmedia":[{"embeddable":true,"href":"https:\/\/popermint.com\/sl\/wp-json\/wp\/v2\/media\/107852"}],"wp:attachment":[{"href":"https:\/\/popermint.com\/sl\/wp-json\/wp\/v2\/media?parent=23892"}],"wp:term":[{"taxonomy":"product_brand","embeddable":true,"href":"https:\/\/popermint.com\/sl\/wp-json\/wp\/v2\/product_brand?post=23892"},{"taxonomy":"product_cat","embeddable":true,"href":"https:\/\/popermint.com\/sl\/wp-json\/wp\/v2\/product_cat?post=23892"},{"taxonomy":"product_tag","embeddable":true,"href":"https:\/\/popermint.com\/sl\/wp-json\/wp\/v2\/product_tag?post=23892"}],"curies":[{"name":"wp","href":"https:\/\/api.w.org\/{rel}","templated":true}]}}