{"id":24450,"date":"2021-10-22T17:59:33","date_gmt":"2021-10-22T15:59:33","guid":{"rendered":"https:\/\/popermint.com\/red-orange\/"},"modified":"2023-12-18T22:27:04","modified_gmt":"2023-12-18T21:27:04","slug":"red-orange","status":"publish","type":"product","link":"https:\/\/popermint.com\/sl\/red-orange\/","title":{"rendered":"Red Orange"},"content":{"rendered":"","protected":false},"excerpt":{"rendered":"<p>Mittske so rokogrel\u010di za vse urbane kolesarke in kolesarje, ki imajo radi svoj stil in jih zima ne gane. Obleci balanco kolesa z Leftsi in Rightsi, najbolj\u0161ima prijateljicama, ki pomagata, da so tvoje roke vedno na toplem, a hkrati pripravljene na takoj\u0161njo akcijo. Saj ve\u0161, kako je, ko zazvoni telefon ali pa ko \u017eeli\u0161 iz \u017eepa izvle\u010di klju\u010de, morda denarnico na tr\u017enici \u2026 hja, z rokavicami je to res nerodno.<\/p>\n","protected":false},"featured_media":24403,"template":"","meta":[],"product_brand":[],"product_cat":[580],"product_tag":[],"class_list":{"0":"post-24450","1":"product","2":"type-product","3":"status-publish","4":"has-post-thumbnail","6":"product_cat-mittske-rokogrelcki","8":"first","9":"instock","10":"taxable","11":"shipping-taxable","12":"purchasable","13":"product-type-simple"},"_links":{"self":[{"href":"https:\/\/popermint.com\/sl\/wp-json\/wp\/v2\/product\/24450","targetHints":{"allow":["GET"]}}],"collection":[{"href":"https:\/\/popermint.com\/sl\/wp-json\/wp\/v2\/product"}],"about":[{"href":"https:\/\/popermint.com\/sl\/wp-json\/wp\/v2\/types\/product"}],"wp:featuredmedia":[{"embeddable":true,"href":"https:\/\/popermint.com\/sl\/wp-json\/wp\/v2\/media\/24403"}],"wp:attachment":[{"href":"https:\/\/popermint.com\/sl\/wp-json\/wp\/v2\/media?parent=24450"}],"wp:term":[{"taxonomy":"product_brand","embeddable":true,"href":"https:\/\/popermint.com\/sl\/wp-json\/wp\/v2\/product_brand?post=24450"},{"taxonomy":"product_cat","embeddable":true,"href":"https:\/\/popermint.com\/sl\/wp-json\/wp\/v2\/product_cat?post=24450"},{"taxonomy":"product_tag","embeddable":true,"href":"https:\/\/popermint.com\/sl\/wp-json\/wp\/v2\/product_tag?post=24450"}],"curies":[{"name":"wp","href":"https:\/\/api.w.org\/{rel}","templated":true}]}}