{"id":3061,"date":"2020-03-12T14:50:43","date_gmt":"2020-03-12T14:50:43","guid":{"rendered":"https:\/\/popermint.com\/izdelek\/yes\/"},"modified":"2022-03-01T12:02:32","modified_gmt":"2022-03-01T11:02:32","slug":"yes","status":"publish","type":"product","link":"https:\/\/popermint.com\/sl\/yes\/","title":{"rendered":"Yes"},"content":{"rendered":"","protected":false},"excerpt":{"rendered":"<p>Ro\u010dno izdelana Sorbet Bracelets zapestnica iz 100 % svile te bo spremljala pri vsakodnevnih do\u017eivetjih ter dopolnila in po\u017eivila tvoj stil. <\/p>\n","protected":false},"featured_media":3060,"template":"","meta":[],"product_brand":[],"product_cat":[315],"product_tag":[],"class_list":{"0":"post-3061","1":"product","2":"type-product","3":"status-publish","4":"has-post-thumbnail","6":"product_cat-svilene-zapestnice","8":"first","9":"instock","10":"taxable","11":"shipping-taxable","12":"purchasable","13":"product-type-simple"},"_links":{"self":[{"href":"https:\/\/popermint.com\/sl\/wp-json\/wp\/v2\/product\/3061","targetHints":{"allow":["GET"]}}],"collection":[{"href":"https:\/\/popermint.com\/sl\/wp-json\/wp\/v2\/product"}],"about":[{"href":"https:\/\/popermint.com\/sl\/wp-json\/wp\/v2\/types\/product"}],"wp:featuredmedia":[{"embeddable":true,"href":"https:\/\/popermint.com\/sl\/wp-json\/wp\/v2\/media\/3060"}],"wp:attachment":[{"href":"https:\/\/popermint.com\/sl\/wp-json\/wp\/v2\/media?parent=3061"}],"wp:term":[{"taxonomy":"product_brand","embeddable":true,"href":"https:\/\/popermint.com\/sl\/wp-json\/wp\/v2\/product_brand?post=3061"},{"taxonomy":"product_cat","embeddable":true,"href":"https:\/\/popermint.com\/sl\/wp-json\/wp\/v2\/product_cat?post=3061"},{"taxonomy":"product_tag","embeddable":true,"href":"https:\/\/popermint.com\/sl\/wp-json\/wp\/v2\/product_tag?post=3061"}],"curies":[{"name":"wp","href":"https:\/\/api.w.org\/{rel}","templated":true}]}}