{"id":37365,"date":"2022-04-20T21:42:14","date_gmt":"2022-04-20T19:42:14","guid":{"rendered":"https:\/\/popermint.com\/simply-green\/"},"modified":"2024-12-06T09:33:55","modified_gmt":"2024-12-06T08:33:55","slug":"simply-green","status":"publish","type":"product","link":"https:\/\/popermint.com\/sl\/simply-green\/","title":{"rendered":"Simply\u00a0Green"},"content":{"rendered":"","protected":false},"excerpt":{"rendered":"<p>Cobags so prakti\u010dne, okolju prijazne in vzdr\u017eljive torbe zasnovane posebej za kolesa. Izdelane so iz kakovostno tkanega polioprena iz 100% reciklirane plastike. Zahvaljujo\u010d materialu lahko torbo, ko jo ne potrebujete,  zlo\u017eite in jo pospravite kamorkoli. Dolgi in prakti\u010dni ro\u010daji, pa omogo\u010dajo, da napolnjeno torbo nosimo preko ramena, ko jo snamemo s kolesa.  Na voljo v \u0161estih razli\u010dnih barvah.<\/p>\n","protected":false},"featured_media":37310,"template":"","meta":[],"product_brand":[],"product_cat":[713],"product_tag":[],"class_list":{"0":"post-37365","1":"product","2":"type-product","3":"status-publish","4":"has-post-thumbnail","6":"product_cat-cobags-slo","8":"first","9":"instock","10":"taxable","11":"shipping-taxable","12":"purchasable","13":"product-type-simple"},"_links":{"self":[{"href":"https:\/\/popermint.com\/sl\/wp-json\/wp\/v2\/product\/37365","targetHints":{"allow":["GET"]}}],"collection":[{"href":"https:\/\/popermint.com\/sl\/wp-json\/wp\/v2\/product"}],"about":[{"href":"https:\/\/popermint.com\/sl\/wp-json\/wp\/v2\/types\/product"}],"wp:featuredmedia":[{"embeddable":true,"href":"https:\/\/popermint.com\/sl\/wp-json\/wp\/v2\/media\/37310"}],"wp:attachment":[{"href":"https:\/\/popermint.com\/sl\/wp-json\/wp\/v2\/media?parent=37365"}],"wp:term":[{"taxonomy":"product_brand","embeddable":true,"href":"https:\/\/popermint.com\/sl\/wp-json\/wp\/v2\/product_brand?post=37365"},{"taxonomy":"product_cat","embeddable":true,"href":"https:\/\/popermint.com\/sl\/wp-json\/wp\/v2\/product_cat?post=37365"},{"taxonomy":"product_tag","embeddable":true,"href":"https:\/\/popermint.com\/sl\/wp-json\/wp\/v2\/product_tag?post=37365"}],"curies":[{"name":"wp","href":"https:\/\/api.w.org\/{rel}","templated":true}]}}