{"id":4176,"date":"2024-05-09T16:16:49","date_gmt":"2024-05-09T13:47:17","guid":{"rendered":"https:\/\/popermint.com\/izdelek\/mankolam\/"},"modified":"2024-05-09T15:47:17","modified_gmt":"2024-05-09T13:47:17","slug":"mankolam","status":"publish","type":"product","link":"https:\/\/popermint.com\/sl\/mankolam\/","title":{"rendered":"Mankolam"},"content":{"rendered":"","protected":false},"excerpt":{"rendered":"<p>\u017denske stopalke, izdelane s patentirano Dry Touch tehnologijo, vam bodo nudile maksimalno udobje tudi v toplej\u0161ih dneh, saj nudijo popoln oprijem stopala, udobje in zra\u010dnost. <br \/><strong>Velikost: 36-40<\/strong><\/p>\n","protected":false},"featured_media":4175,"template":"","meta":[],"product_brand":[],"product_cat":[330,335,336],"product_tag":[],"class_list":{"0":"post-4176","1":"product","2":"type-product","3":"status-publish","4":"has-post-thumbnail","6":"product_cat-nogavice-wigglesteps","7":"product_cat-zenske-nogavice-wigglesteps","8":"product_cat-stopalke","10":"first","11":"outofstock","12":"taxable","13":"shipping-taxable","14":"purchasable","15":"product-type-simple"},"_links":{"self":[{"href":"https:\/\/popermint.com\/sl\/wp-json\/wp\/v2\/product\/4176","targetHints":{"allow":["GET"]}}],"collection":[{"href":"https:\/\/popermint.com\/sl\/wp-json\/wp\/v2\/product"}],"about":[{"href":"https:\/\/popermint.com\/sl\/wp-json\/wp\/v2\/types\/product"}],"wp:featuredmedia":[{"embeddable":true,"href":"https:\/\/popermint.com\/sl\/wp-json\/wp\/v2\/media\/4175"}],"wp:attachment":[{"href":"https:\/\/popermint.com\/sl\/wp-json\/wp\/v2\/media?parent=4176"}],"wp:term":[{"taxonomy":"product_brand","embeddable":true,"href":"https:\/\/popermint.com\/sl\/wp-json\/wp\/v2\/product_brand?post=4176"},{"taxonomy":"product_cat","embeddable":true,"href":"https:\/\/popermint.com\/sl\/wp-json\/wp\/v2\/product_cat?post=4176"},{"taxonomy":"product_tag","embeddable":true,"href":"https:\/\/popermint.com\/sl\/wp-json\/wp\/v2\/product_tag?post=4176"}],"curies":[{"name":"wp","href":"https:\/\/api.w.org\/{rel}","templated":true}]}}