{"id":4639,"date":"2023-11-17T10:57:04","date_gmt":"2023-11-17T09:51:02","guid":{"rendered":"https:\/\/popermint.com\/izdelek\/cow-1\/"},"modified":"2026-03-31T05:19:19","modified_gmt":"2026-03-31T03:19:19","slug":"cow-1","status":"publish","type":"product","link":"https:\/\/popermint.com\/sl\/cow-1\/","title":{"rendered":"Cow 1"},"content":{"rendered":"","protected":false},"excerpt":{"rendered":"<p>Klasi\u010dne \u017eenske nogavi\u010dke so popolna izbira za vse, ki \u017eelite dodati kan\u010dek barvitosti svojemu stilu. Izredno udobne in navidezno brez\u0161ivne nogavice vas bodo na notranji strani razvajale z organskim bomba\u017eem, na zunanji pa s pozitivnimi in barvitimi motivi.<br \/><strong>Velikost: 36-40<\/strong><\/p>\n","protected":false},"featured_media":4636,"template":"","meta":[],"product_brand":[],"product_cat":[330,335,339],"product_tag":[],"class_list":{"0":"post-4639","1":"product","2":"type-product","3":"status-publish","4":"has-post-thumbnail","6":"product_cat-nogavice-wigglesteps","7":"product_cat-zenske-nogavice-wigglesteps","8":"product_cat-klasicne-nogavice-zenske-nogavice-wigglesteps","10":"first","11":"outofstock","12":"taxable","13":"shipping-taxable","14":"purchasable","15":"product-type-simple"},"_links":{"self":[{"href":"https:\/\/popermint.com\/sl\/wp-json\/wp\/v2\/product\/4639","targetHints":{"allow":["GET"]}}],"collection":[{"href":"https:\/\/popermint.com\/sl\/wp-json\/wp\/v2\/product"}],"about":[{"href":"https:\/\/popermint.com\/sl\/wp-json\/wp\/v2\/types\/product"}],"wp:featuredmedia":[{"embeddable":true,"href":"https:\/\/popermint.com\/sl\/wp-json\/wp\/v2\/media\/4636"}],"wp:attachment":[{"href":"https:\/\/popermint.com\/sl\/wp-json\/wp\/v2\/media?parent=4639"}],"wp:term":[{"taxonomy":"product_brand","embeddable":true,"href":"https:\/\/popermint.com\/sl\/wp-json\/wp\/v2\/product_brand?post=4639"},{"taxonomy":"product_cat","embeddable":true,"href":"https:\/\/popermint.com\/sl\/wp-json\/wp\/v2\/product_cat?post=4639"},{"taxonomy":"product_tag","embeddable":true,"href":"https:\/\/popermint.com\/sl\/wp-json\/wp\/v2\/product_tag?post=4639"}],"curies":[{"name":"wp","href":"https:\/\/api.w.org\/{rel}","templated":true}]}}