{"id":4739,"date":"2024-05-09T16:20:05","date_gmt":"2024-05-09T13:45:32","guid":{"rendered":"https:\/\/popermint.com\/izdelek\/margarita-2\/"},"modified":"2024-05-09T15:51:31","modified_gmt":"2024-05-09T13:51:31","slug":"margarita-2","status":"publish","type":"product","link":"https:\/\/popermint.com\/sl\/margarita-2\/","title":{"rendered":"Margarita"},"content":{"rendered":"","protected":false},"excerpt":{"rendered":"<p>Klasi\u010dne \u017eenske nogavi\u010dke so popolna izbira za vse, ki \u017eelite dodati kan\u010dek barvitosti svojemu stilu. Izredno udobne in navidezno brez\u0161ivne nogavice vas bodo na notranji strani razvajale z organskim bomba\u017eem, na zunanji pa s pozitivnimi in barvitimi motivi.<br \/><strong>Velikost: 36-40<\/strong><\/p>\n","protected":false},"featured_media":4737,"template":"","meta":[],"product_brand":[],"product_cat":[330,335,339],"product_tag":[],"class_list":{"0":"post-4739","1":"product","2":"type-product","3":"status-publish","4":"has-post-thumbnail","6":"product_cat-nogavice-wigglesteps","7":"product_cat-zenske-nogavice-wigglesteps","8":"product_cat-klasicne-nogavice-zenske-nogavice-wigglesteps","10":"first","11":"outofstock","12":"sale","13":"taxable","14":"shipping-taxable","15":"purchasable","16":"product-type-simple"},"_links":{"self":[{"href":"https:\/\/popermint.com\/sl\/wp-json\/wp\/v2\/product\/4739","targetHints":{"allow":["GET"]}}],"collection":[{"href":"https:\/\/popermint.com\/sl\/wp-json\/wp\/v2\/product"}],"about":[{"href":"https:\/\/popermint.com\/sl\/wp-json\/wp\/v2\/types\/product"}],"wp:featuredmedia":[{"embeddable":true,"href":"https:\/\/popermint.com\/sl\/wp-json\/wp\/v2\/media\/4737"}],"wp:attachment":[{"href":"https:\/\/popermint.com\/sl\/wp-json\/wp\/v2\/media?parent=4739"}],"wp:term":[{"taxonomy":"product_brand","embeddable":true,"href":"https:\/\/popermint.com\/sl\/wp-json\/wp\/v2\/product_brand?post=4739"},{"taxonomy":"product_cat","embeddable":true,"href":"https:\/\/popermint.com\/sl\/wp-json\/wp\/v2\/product_cat?post=4739"},{"taxonomy":"product_tag","embeddable":true,"href":"https:\/\/popermint.com\/sl\/wp-json\/wp\/v2\/product_tag?post=4739"}],"curies":[{"name":"wp","href":"https:\/\/api.w.org\/{rel}","templated":true}]}}