{"id":4830,"date":"2024-05-09T16:17:29","date_gmt":"2024-05-09T13:45:14","guid":{"rendered":"https:\/\/popermint.com\/izdelek\/beach-party-pink\/"},"modified":"2024-05-09T15:51:14","modified_gmt":"2024-05-09T13:51:14","slug":"beach-party-pink","status":"publish","type":"product","link":"https:\/\/popermint.com\/sl\/beach-party-pink\/","title":{"rendered":"Beach Party Pink"},"content":{"rendered":"","protected":false},"excerpt":{"rendered":"<p>Klasi\u010dne \u017eenske nogavi\u010dke so popolna izbira za vse, ki \u017eelite dodati kan\u010dek barvitosti svojemu stilu. Izredno udobne in navidezno brez\u0161ivne nogavice vas bodo na notranji strani razvajale z organskim bomba\u017eem, na zunanji pa s pozitivnimi in barvitimi motivi.<br \/><strong>Velikost: 36-40<\/strong><\/p>\n","protected":false},"featured_media":4828,"template":"","meta":[],"product_brand":[],"product_cat":[330,335,339],"product_tag":[],"class_list":{"0":"post-4830","1":"product","2":"type-product","3":"status-publish","4":"has-post-thumbnail","6":"product_cat-nogavice-wigglesteps","7":"product_cat-zenske-nogavice-wigglesteps","8":"product_cat-klasicne-nogavice-zenske-nogavice-wigglesteps","10":"first","11":"outofstock","12":"taxable","13":"shipping-taxable","14":"purchasable","15":"product-type-simple"},"_links":{"self":[{"href":"https:\/\/popermint.com\/sl\/wp-json\/wp\/v2\/product\/4830","targetHints":{"allow":["GET"]}}],"collection":[{"href":"https:\/\/popermint.com\/sl\/wp-json\/wp\/v2\/product"}],"about":[{"href":"https:\/\/popermint.com\/sl\/wp-json\/wp\/v2\/types\/product"}],"wp:featuredmedia":[{"embeddable":true,"href":"https:\/\/popermint.com\/sl\/wp-json\/wp\/v2\/media\/4828"}],"wp:attachment":[{"href":"https:\/\/popermint.com\/sl\/wp-json\/wp\/v2\/media?parent=4830"}],"wp:term":[{"taxonomy":"product_brand","embeddable":true,"href":"https:\/\/popermint.com\/sl\/wp-json\/wp\/v2\/product_brand?post=4830"},{"taxonomy":"product_cat","embeddable":true,"href":"https:\/\/popermint.com\/sl\/wp-json\/wp\/v2\/product_cat?post=4830"},{"taxonomy":"product_tag","embeddable":true,"href":"https:\/\/popermint.com\/sl\/wp-json\/wp\/v2\/product_tag?post=4830"}],"curies":[{"name":"wp","href":"https:\/\/api.w.org\/{rel}","templated":true}]}}