{"id":5235,"date":"2024-05-09T16:17:47","date_gmt":"2020-03-17T17:51:08","guid":{"rendered":"https:\/\/popermint.com\/izdelek\/bw-colors-forest-2\/"},"modified":"2024-05-09T15:50:08","modified_gmt":"2024-05-09T13:50:08","slug":"bw-colors-forest-2","status":"publish","type":"product","link":"https:\/\/popermint.com\/sl\/bw-colors-forest-2\/","title":{"rendered":"B&amp;W Colors Forest"},"content":{"rendered":"","protected":false},"excerpt":{"rendered":"<p>\u017denske kratke nogavi\u010dke do gle\u017enjev so udobna in zra\u010dna izbira za spomladanske in poletne dni. \u017divahni motivi, ki bodo kukali iz va\u0161e obutve, bodo dodali piko na i va\u0161im modnim kombinacijam.<br \/>\n<strong>Velikost: 36-40<\/strong><\/p>\n","protected":false},"featured_media":5233,"template":"","meta":[],"product_brand":[],"product_cat":[330,335,352],"product_tag":[],"class_list":{"0":"post-5235","1":"product","2":"type-product","3":"status-publish","4":"has-post-thumbnail","6":"product_cat-nogavice-wigglesteps","7":"product_cat-zenske-nogavice-wigglesteps","8":"product_cat-kratke-nogavice-zenske-nogavice-wigglesteps","10":"first","11":"outofstock","12":"taxable","13":"shipping-taxable","14":"purchasable","15":"product-type-simple"},"_links":{"self":[{"href":"https:\/\/popermint.com\/sl\/wp-json\/wp\/v2\/product\/5235","targetHints":{"allow":["GET"]}}],"collection":[{"href":"https:\/\/popermint.com\/sl\/wp-json\/wp\/v2\/product"}],"about":[{"href":"https:\/\/popermint.com\/sl\/wp-json\/wp\/v2\/types\/product"}],"wp:featuredmedia":[{"embeddable":true,"href":"https:\/\/popermint.com\/sl\/wp-json\/wp\/v2\/media\/5233"}],"wp:attachment":[{"href":"https:\/\/popermint.com\/sl\/wp-json\/wp\/v2\/media?parent=5235"}],"wp:term":[{"taxonomy":"product_brand","embeddable":true,"href":"https:\/\/popermint.com\/sl\/wp-json\/wp\/v2\/product_brand?post=5235"},{"taxonomy":"product_cat","embeddable":true,"href":"https:\/\/popermint.com\/sl\/wp-json\/wp\/v2\/product_cat?post=5235"},{"taxonomy":"product_tag","embeddable":true,"href":"https:\/\/popermint.com\/sl\/wp-json\/wp\/v2\/product_tag?post=5235"}],"curies":[{"name":"wp","href":"https:\/\/api.w.org\/{rel}","templated":true}]}}