{"id":5802,"date":"2020-03-31T18:40:57","date_gmt":"2020-03-31T18:40:57","guid":{"rendered":"https:\/\/popermint.com\/izdelek\/rosy-silver\/"},"modified":"2023-12-14T09:04:32","modified_gmt":"2023-12-14T08:04:32","slug":"rosy-silver","status":"publish","type":"product","link":"https:\/\/popermint.com\/sl\/rosy-silver\/","title":{"rendered":"Rosy Silver"},"content":{"rendered":"","protected":false},"excerpt":{"rendered":"<p>Barvite, elegantne, enostavno \u010dudovite elastike niso samo popolne za spenjanje las, ampak so tudi modni dodatek, ki je odli\u010dna dopolnitev vsakemu videzu ob vsaki prilo\u017enosti. Ko imajo tvoji lasje popoln dan, elastiko natakni na zapestje, kjer postane trendovska in udobna zapestnica.<\/p>\n","protected":false},"featured_media":5801,"template":"","meta":[],"product_brand":[],"product_cat":[374,375],"product_tag":[],"class_list":{"0":"post-5802","1":"product","2":"type-product","3":"status-publish","4":"has-post-thumbnail","6":"product_cat-laceup-elastike","7":"product_cat-laceup-accessories","9":"first","10":"instock","11":"taxable","12":"shipping-taxable","13":"purchasable","14":"product-type-simple"},"_links":{"self":[{"href":"https:\/\/popermint.com\/sl\/wp-json\/wp\/v2\/product\/5802","targetHints":{"allow":["GET"]}}],"collection":[{"href":"https:\/\/popermint.com\/sl\/wp-json\/wp\/v2\/product"}],"about":[{"href":"https:\/\/popermint.com\/sl\/wp-json\/wp\/v2\/types\/product"}],"wp:featuredmedia":[{"embeddable":true,"href":"https:\/\/popermint.com\/sl\/wp-json\/wp\/v2\/media\/5801"}],"wp:attachment":[{"href":"https:\/\/popermint.com\/sl\/wp-json\/wp\/v2\/media?parent=5802"}],"wp:term":[{"taxonomy":"product_brand","embeddable":true,"href":"https:\/\/popermint.com\/sl\/wp-json\/wp\/v2\/product_brand?post=5802"},{"taxonomy":"product_cat","embeddable":true,"href":"https:\/\/popermint.com\/sl\/wp-json\/wp\/v2\/product_cat?post=5802"},{"taxonomy":"product_tag","embeddable":true,"href":"https:\/\/popermint.com\/sl\/wp-json\/wp\/v2\/product_tag?post=5802"}],"curies":[{"name":"wp","href":"https:\/\/api.w.org\/{rel}","templated":true}]}}