{"id":58624,"date":"2023-03-21T19:43:16","date_gmt":"2023-03-21T18:43:16","guid":{"rendered":"https:\/\/popermint.com\/abril-makeup-bag\/"},"modified":"2026-03-02T09:06:14","modified_gmt":"2026-03-02T08:06:14","slug":"toaletna-torbica-abril","status":"publish","type":"product","link":"https:\/\/popermint.com\/sl\/toaletna-torbica-abril\/","title":{"rendered":"Toaletna torbica Abril"},"content":{"rendered":"","protected":false},"excerpt":{"rendered":"<p>Abril Makeup Bag je edinstvena in prakti\u010dna kozmeti\u010dna torbica blagovne znamke Wouf s karirastim vzorcem in motivom \u010de\u0161enj. Torbica je izdelana iz kakovostnega materiala in ponuja dovolj prostora za shranjevanje kozmeti\u010dnih izdelkov in drugih manj\u0161ih predmetov. Kompaktna zasnova omogo\u010da enostavno prena\u0161anje torbice v torbici ali kar tako v roki, hkrati pa jo lahko uporabite tudi kot majhno torbico za ve\u010derne izhode.<\/p>\n","protected":false},"featured_media":58492,"template":"","meta":[],"product_brand":[],"product_cat":[780],"product_tag":[],"class_list":{"0":"post-58624","1":"product","2":"type-product","3":"status-publish","4":"has-post-thumbnail","6":"product_cat-wouf","8":"first","9":"instock","10":"taxable","11":"shipping-taxable","12":"purchasable","13":"product-type-simple"},"_links":{"self":[{"href":"https:\/\/popermint.com\/sl\/wp-json\/wp\/v2\/product\/58624","targetHints":{"allow":["GET"]}}],"collection":[{"href":"https:\/\/popermint.com\/sl\/wp-json\/wp\/v2\/product"}],"about":[{"href":"https:\/\/popermint.com\/sl\/wp-json\/wp\/v2\/types\/product"}],"wp:featuredmedia":[{"embeddable":true,"href":"https:\/\/popermint.com\/sl\/wp-json\/wp\/v2\/media\/58492"}],"wp:attachment":[{"href":"https:\/\/popermint.com\/sl\/wp-json\/wp\/v2\/media?parent=58624"}],"wp:term":[{"taxonomy":"product_brand","embeddable":true,"href":"https:\/\/popermint.com\/sl\/wp-json\/wp\/v2\/product_brand?post=58624"},{"taxonomy":"product_cat","embeddable":true,"href":"https:\/\/popermint.com\/sl\/wp-json\/wp\/v2\/product_cat?post=58624"},{"taxonomy":"product_tag","embeddable":true,"href":"https:\/\/popermint.com\/sl\/wp-json\/wp\/v2\/product_tag?post=58624"}],"curies":[{"name":"wp","href":"https:\/\/api.w.org\/{rel}","templated":true}]}}