{"id":59095,"date":"2023-04-03T22:19:10","date_gmt":"2023-04-03T20:19:10","guid":{"rendered":"https:\/\/popermint.com\/tote-landscape\/"},"modified":"2026-02-16T12:23:30","modified_gmt":"2026-02-16T11:23:30","slug":"tote-landscape","status":"publish","type":"product","link":"https:\/\/popermint.com\/sl\/tote-landscape\/","title":{"rendered":"Tote Landscape"},"content":{"rendered":"","protected":false},"excerpt":{"rendered":"<p>Notabag Tote je zlo\u017eljiva nakupovalna torba, narejena iz recikliranih plasti\u010dnih fla\u0161. Odlikujeta jo izredna vzdr\u017eljivost in vodoodbojen material. Poleg tega se zlo\u017ei v svoj lasten \u017eep in jo tako z lahkoto pospravite v svojo torbico.<\/p>\n","protected":false},"featured_media":59041,"template":"","meta":[],"product_brand":[],"product_cat":[518,741],"product_tag":[],"class_list":{"0":"post-59095","1":"product","2":"type-product","3":"status-publish","4":"has-post-thumbnail","6":"product_cat-notabag","7":"product_cat-tote-bag-sl","9":"first","10":"outofstock","11":"taxable","12":"shipping-taxable","13":"purchasable","14":"product-type-simple"},"_links":{"self":[{"href":"https:\/\/popermint.com\/sl\/wp-json\/wp\/v2\/product\/59095","targetHints":{"allow":["GET"]}}],"collection":[{"href":"https:\/\/popermint.com\/sl\/wp-json\/wp\/v2\/product"}],"about":[{"href":"https:\/\/popermint.com\/sl\/wp-json\/wp\/v2\/types\/product"}],"wp:featuredmedia":[{"embeddable":true,"href":"https:\/\/popermint.com\/sl\/wp-json\/wp\/v2\/media\/59041"}],"wp:attachment":[{"href":"https:\/\/popermint.com\/sl\/wp-json\/wp\/v2\/media?parent=59095"}],"wp:term":[{"taxonomy":"product_brand","embeddable":true,"href":"https:\/\/popermint.com\/sl\/wp-json\/wp\/v2\/product_brand?post=59095"},{"taxonomy":"product_cat","embeddable":true,"href":"https:\/\/popermint.com\/sl\/wp-json\/wp\/v2\/product_cat?post=59095"},{"taxonomy":"product_tag","embeddable":true,"href":"https:\/\/popermint.com\/sl\/wp-json\/wp\/v2\/product_tag?post=59095"}],"curies":[{"name":"wp","href":"https:\/\/api.w.org\/{rel}","templated":true}]}}