{"id":6348,"date":"2024-05-09T16:17:51","date_gmt":"2024-05-09T13:43:59","guid":{"rendered":"https:\/\/popermint.com\/izdelek\/leuchtturm-am-meer-2-3\/"},"modified":"2024-05-09T15:49:55","modified_gmt":"2024-05-09T13:49:55","slug":"leuchtturm-am-meer-2-3","status":"publish","type":"product","link":"https:\/\/popermint.com\/sl\/leuchtturm-am-meer-2-3\/","title":{"rendered":"Leuchtturm Am Meer 2"},"content":{"rendered":"","protected":false},"excerpt":{"rendered":"<p>Klasi\u010dne mo\u0161ke nogavice so odli\u010dna izbira za vse, ki \u017eelite na subtilen na\u010din popestriti svoje modne kombinacije. Udobne, zra\u010dne in navidezno brez\u0161ivne nogavice vas bodo notranji strani razvajale z organskim bomba\u017eem, na zunanji pa s pozitivnimi in barvitimi motivi.<br \/><strong>Velikost: 41-46<\/strong><\/p>\n","protected":false},"featured_media":4106,"template":"","meta":[],"product_brand":[],"product_cat":[330,331,332],"product_tag":[],"class_list":{"0":"post-6348","1":"product","2":"type-product","3":"status-publish","4":"has-post-thumbnail","6":"product_cat-nogavice-wigglesteps","7":"product_cat-moske-nogavice","8":"product_cat-klasicne-nogavice-m","10":"first","11":"outofstock","12":"taxable","13":"shipping-taxable","14":"purchasable","15":"product-type-simple"},"_links":{"self":[{"href":"https:\/\/popermint.com\/sl\/wp-json\/wp\/v2\/product\/6348","targetHints":{"allow":["GET"]}}],"collection":[{"href":"https:\/\/popermint.com\/sl\/wp-json\/wp\/v2\/product"}],"about":[{"href":"https:\/\/popermint.com\/sl\/wp-json\/wp\/v2\/types\/product"}],"wp:featuredmedia":[{"embeddable":true,"href":"https:\/\/popermint.com\/sl\/wp-json\/wp\/v2\/media\/4106"}],"wp:attachment":[{"href":"https:\/\/popermint.com\/sl\/wp-json\/wp\/v2\/media?parent=6348"}],"wp:term":[{"taxonomy":"product_brand","embeddable":true,"href":"https:\/\/popermint.com\/sl\/wp-json\/wp\/v2\/product_brand?post=6348"},{"taxonomy":"product_cat","embeddable":true,"href":"https:\/\/popermint.com\/sl\/wp-json\/wp\/v2\/product_cat?post=6348"},{"taxonomy":"product_tag","embeddable":true,"href":"https:\/\/popermint.com\/sl\/wp-json\/wp\/v2\/product_tag?post=6348"}],"curies":[{"name":"wp","href":"https:\/\/api.w.org\/{rel}","templated":true}]}}