{"id":66814,"date":"2023-09-09T11:18:35","date_gmt":"2023-09-09T09:18:35","guid":{"rendered":"https:\/\/popermint.com\/all-of-berlin\/"},"modified":"2026-04-01T12:57:27","modified_gmt":"2026-04-01T10:57:27","slug":"all-of-berlin","status":"publish","type":"product","link":"https:\/\/popermint.com\/sl\/all-of-berlin\/","title":{"rendered":"All of Berlin"},"content":{"rendered":"","protected":false},"excerpt":{"rendered":"<p>Klasi\u010dne mo\u0161ke nogavice so odli\u010dna izbira za vse, ki \u017eelite na subtilen na\u010din popestriti svoje modne kombinacije. Izredno udobne in navidezno brez\u0161ivne nogavice vas bodo na notranji strani razvajale z organskim bomba\u017eem, na zunanji pa s pozitivnimi in barvitimi motivi.<br \/>\n<strong>Velikost: 41-46<\/strong><\/p>\n","protected":false},"featured_media":66663,"template":"","meta":[],"product_brand":[],"product_cat":[330,331,332,981],"product_tag":[],"class_list":{"0":"post-66814","1":"product","2":"type-product","3":"status-publish","4":"has-post-thumbnail","6":"product_cat-nogavice-wigglesteps","7":"product_cat-moske-nogavice","8":"product_cat-klasicne-nogavice-m","9":"product_cat-50off","11":"first","12":"instock","13":"sale","14":"taxable","15":"shipping-taxable","16":"purchasable","17":"product-type-simple"},"_links":{"self":[{"href":"https:\/\/popermint.com\/sl\/wp-json\/wp\/v2\/product\/66814","targetHints":{"allow":["GET"]}}],"collection":[{"href":"https:\/\/popermint.com\/sl\/wp-json\/wp\/v2\/product"}],"about":[{"href":"https:\/\/popermint.com\/sl\/wp-json\/wp\/v2\/types\/product"}],"wp:featuredmedia":[{"embeddable":true,"href":"https:\/\/popermint.com\/sl\/wp-json\/wp\/v2\/media\/66663"}],"wp:attachment":[{"href":"https:\/\/popermint.com\/sl\/wp-json\/wp\/v2\/media?parent=66814"}],"wp:term":[{"taxonomy":"product_brand","embeddable":true,"href":"https:\/\/popermint.com\/sl\/wp-json\/wp\/v2\/product_brand?post=66814"},{"taxonomy":"product_cat","embeddable":true,"href":"https:\/\/popermint.com\/sl\/wp-json\/wp\/v2\/product_cat?post=66814"},{"taxonomy":"product_tag","embeddable":true,"href":"https:\/\/popermint.com\/sl\/wp-json\/wp\/v2\/product_tag?post=66814"}],"curies":[{"name":"wp","href":"https:\/\/api.w.org\/{rel}","templated":true}]}}