{"id":68702,"date":"2023-10-15T09:58:00","date_gmt":"2023-10-15T07:58:00","guid":{"rendered":"https:\/\/popermint.com\/otroski-deznik-kerala\/"},"modified":"2026-03-02T09:19:29","modified_gmt":"2026-03-02T08:19:29","slug":"otroski-deznik-kerala","status":"publish","type":"product","link":"https:\/\/popermint.com\/sl\/otroski-deznik-kerala\/","title":{"rendered":"Otro\u0161ki de\u017enik Kerala"},"content":{"rendered":"","protected":false},"excerpt":{"rendered":"<p>Anatole de\u017enik &#8211; pari\u0161ka kakovost, trajnost in stil, vse v enem. Izdelan iz 100% recikliranih materialov, zdru\u017euje trpe\u017enost in prakti\u010dnost ter se zlahka zlo\u017ei tudi v najmanj\u0161o torbico ali \u017eep. S svojo trajnostjo pomaga prekiniti prevladujo\u010do kulturo nepotrebnega mno\u017ei\u010dnega proizvajanja de\u017enikov, hkrati pa ponuja raznolike vzorce, vklju\u010dno z enobarvnimi, \u010drtastimi, karirastimi in otro\u0161kimi modeli.<\/p>\n","protected":false},"featured_media":68565,"template":"","meta":[],"product_brand":[],"product_cat":[803],"product_tag":[],"class_list":{"0":"post-68702","1":"product","2":"type-product","3":"status-publish","4":"has-post-thumbnail","6":"product_cat-anatole-deznik","8":"first","9":"instock","10":"sale","11":"taxable","12":"shipping-taxable","13":"purchasable","14":"product-type-simple"},"_links":{"self":[{"href":"https:\/\/popermint.com\/sl\/wp-json\/wp\/v2\/product\/68702","targetHints":{"allow":["GET"]}}],"collection":[{"href":"https:\/\/popermint.com\/sl\/wp-json\/wp\/v2\/product"}],"about":[{"href":"https:\/\/popermint.com\/sl\/wp-json\/wp\/v2\/types\/product"}],"wp:featuredmedia":[{"embeddable":true,"href":"https:\/\/popermint.com\/sl\/wp-json\/wp\/v2\/media\/68565"}],"wp:attachment":[{"href":"https:\/\/popermint.com\/sl\/wp-json\/wp\/v2\/media?parent=68702"}],"wp:term":[{"taxonomy":"product_brand","embeddable":true,"href":"https:\/\/popermint.com\/sl\/wp-json\/wp\/v2\/product_brand?post=68702"},{"taxonomy":"product_cat","embeddable":true,"href":"https:\/\/popermint.com\/sl\/wp-json\/wp\/v2\/product_cat?post=68702"},{"taxonomy":"product_tag","embeddable":true,"href":"https:\/\/popermint.com\/sl\/wp-json\/wp\/v2\/product_tag?post=68702"}],"curies":[{"name":"wp","href":"https:\/\/api.w.org\/{rel}","templated":true}]}}