{"id":68979,"date":"2023-10-16T13:51:58","date_gmt":"2023-10-16T11:51:58","guid":{"rendered":"https:\/\/popermint.com\/original-navy\/"},"modified":"2025-12-17T14:25:20","modified_gmt":"2025-12-17T13:25:20","slug":"original-navy","status":"publish","type":"product","link":"https:\/\/popermint.com\/sl\/original-navy\/","title":{"rendered":"Original Navy"},"content":{"rendered":"","protected":false},"excerpt":{"rendered":"<p>Secrid denarnice so sodobna in funkcionalna re\u0161itev za hranjenje kartic in bankovcev. Izdelane so iz visokokakovostnih materialov, s posebnim poudarkom na varnosti in kompaktnosti. Njihova inovativna zasnova omogo\u010da enostaven dostop do kartic, RFID za\u0161\u010dita pa prepre\u010duje nepoobla\u0161\u010deno skeniranje kartic. Poleg tega so eleganten modni dodatek za vsakega posameznika, ki ceni prakti\u010dnost in stil v enem.<\/p>\n","protected":false},"featured_media":68902,"template":"","meta":[],"product_brand":[],"product_cat":[805],"product_tag":[],"class_list":{"0":"post-68979","1":"product","2":"type-product","3":"status-publish","4":"has-post-thumbnail","6":"product_cat-secrid-denarnice","8":"first","9":"outofstock","10":"taxable","11":"shipping-taxable","12":"purchasable","13":"product-type-simple"},"_links":{"self":[{"href":"https:\/\/popermint.com\/sl\/wp-json\/wp\/v2\/product\/68979","targetHints":{"allow":["GET"]}}],"collection":[{"href":"https:\/\/popermint.com\/sl\/wp-json\/wp\/v2\/product"}],"about":[{"href":"https:\/\/popermint.com\/sl\/wp-json\/wp\/v2\/types\/product"}],"wp:featuredmedia":[{"embeddable":true,"href":"https:\/\/popermint.com\/sl\/wp-json\/wp\/v2\/media\/68902"}],"wp:attachment":[{"href":"https:\/\/popermint.com\/sl\/wp-json\/wp\/v2\/media?parent=68979"}],"wp:term":[{"taxonomy":"product_brand","embeddable":true,"href":"https:\/\/popermint.com\/sl\/wp-json\/wp\/v2\/product_brand?post=68979"},{"taxonomy":"product_cat","embeddable":true,"href":"https:\/\/popermint.com\/sl\/wp-json\/wp\/v2\/product_cat?post=68979"},{"taxonomy":"product_tag","embeddable":true,"href":"https:\/\/popermint.com\/sl\/wp-json\/wp\/v2\/product_tag?post=68979"}],"curies":[{"name":"wp","href":"https:\/\/api.w.org\/{rel}","templated":true}]}}