{"id":69266,"date":"2023-10-22T18:54:08","date_gmt":"2023-10-22T16:54:08","guid":{"rendered":"https:\/\/popermint.com\/?post_type=product&#038;p=69266"},"modified":"2026-04-03T10:40:25","modified_gmt":"2026-04-03T08:40:25","slug":"guerrilla-girls-dearest-art-collector","status":"publish","type":"product","link":"https:\/\/popermint.com\/sl\/guerrilla-girls-dearest-art-collector\/","title":{"rendered":"Guerrilla Girls, Dearest Art Collector"},"content":{"rendered":"","protected":false},"excerpt":{"rendered":"<p>Umetnost v gibanju! Izrazite svojo individualnost z vrhunskimi umetni\u0161kimi vzorci, ki zdru\u017eujejo slog, udobje in ekspresivnost. Izstopajte iz mno\u017eice s torbami, ki nosijo podpise umetnikov, kot so Frida Kahlo, Salvador Dali in Joan Miro, ter sporo\u010dila Guerrilla Girls. So ve\u010d kot modni dodatek, so va\u0161a umetni\u0161ka izjava. Izrazite svoj umetni\u0161ki duh z vsakodnevno trajnostno torbo, ki nosi podpis velikih umetnikov.<\/p>\n","protected":false},"featured_media":69070,"template":"","meta":[],"product_brand":[],"product_cat":[807,990],"product_tag":[],"class_list":{"0":"post-69266","1":"product","2":"type-product","3":"status-publish","4":"has-post-thumbnail","6":"product_cat-loqi-torbe","7":"product_cat-izbor-tedna","9":"first","10":"instock","11":"taxable","12":"shipping-taxable","13":"purchasable","14":"product-type-simple"},"_links":{"self":[{"href":"https:\/\/popermint.com\/sl\/wp-json\/wp\/v2\/product\/69266","targetHints":{"allow":["GET"]}}],"collection":[{"href":"https:\/\/popermint.com\/sl\/wp-json\/wp\/v2\/product"}],"about":[{"href":"https:\/\/popermint.com\/sl\/wp-json\/wp\/v2\/types\/product"}],"wp:featuredmedia":[{"embeddable":true,"href":"https:\/\/popermint.com\/sl\/wp-json\/wp\/v2\/media\/69070"}],"wp:attachment":[{"href":"https:\/\/popermint.com\/sl\/wp-json\/wp\/v2\/media?parent=69266"}],"wp:term":[{"taxonomy":"product_brand","embeddable":true,"href":"https:\/\/popermint.com\/sl\/wp-json\/wp\/v2\/product_brand?post=69266"},{"taxonomy":"product_cat","embeddable":true,"href":"https:\/\/popermint.com\/sl\/wp-json\/wp\/v2\/product_cat?post=69266"},{"taxonomy":"product_tag","embeddable":true,"href":"https:\/\/popermint.com\/sl\/wp-json\/wp\/v2\/product_tag?post=69266"}],"curies":[{"name":"wp","href":"https:\/\/api.w.org\/{rel}","templated":true}]}}