{"id":69274,"date":"2023-10-22T18:54:14","date_gmt":"2023-10-22T16:54:14","guid":{"rendered":"https:\/\/popermint.com\/?post_type=product&#038;p=69274"},"modified":"2024-12-16T11:39:27","modified_gmt":"2024-12-16T10:39:27","slug":"salvador-dali-galatea-of-the-spheres","status":"publish","type":"product","link":"https:\/\/popermint.com\/sl\/salvador-dali-galatea-of-the-spheres\/","title":{"rendered":"Salvador Dali, Galatea of the Spheres"},"content":{"rendered":"","protected":false},"excerpt":{"rendered":"<p>Umetnost v gibanju! Izrazite svojo individualnost z vrhunskimi umetni\u0161kimi vzorci, ki zdru\u017eujejo slog, udobje in ekspresivnost. Izstopajte iz mno\u017eice s torbami, ki nosijo podpise umetnikov, kot so Frida Kahlo, Salvador Dali in Joan Miro, ter sporo\u010dila Guerrilla Girls. So ve\u010d kot modni dodatek, so va\u0161a umetni\u0161ka izjava. Izrazite svoj umetni\u0161ki duh z vsakodnevno trajnostno torbo, ki nosi podpis velikih umetnikov.<\/p>\n","protected":false},"featured_media":69139,"template":"","meta":[],"product_brand":[],"product_cat":[807],"product_tag":[],"class_list":{"0":"post-69274","1":"product","2":"type-product","3":"status-publish","4":"has-post-thumbnail","6":"product_cat-loqi-torbe","8":"first","9":"instock","10":"taxable","11":"shipping-taxable","12":"purchasable","13":"product-type-simple"},"_links":{"self":[{"href":"https:\/\/popermint.com\/sl\/wp-json\/wp\/v2\/product\/69274","targetHints":{"allow":["GET"]}}],"collection":[{"href":"https:\/\/popermint.com\/sl\/wp-json\/wp\/v2\/product"}],"about":[{"href":"https:\/\/popermint.com\/sl\/wp-json\/wp\/v2\/types\/product"}],"wp:featuredmedia":[{"embeddable":true,"href":"https:\/\/popermint.com\/sl\/wp-json\/wp\/v2\/media\/69139"}],"wp:attachment":[{"href":"https:\/\/popermint.com\/sl\/wp-json\/wp\/v2\/media?parent=69274"}],"wp:term":[{"taxonomy":"product_brand","embeddable":true,"href":"https:\/\/popermint.com\/sl\/wp-json\/wp\/v2\/product_brand?post=69274"},{"taxonomy":"product_cat","embeddable":true,"href":"https:\/\/popermint.com\/sl\/wp-json\/wp\/v2\/product_cat?post=69274"},{"taxonomy":"product_tag","embeddable":true,"href":"https:\/\/popermint.com\/sl\/wp-json\/wp\/v2\/product_tag?post=69274"}],"curies":[{"name":"wp","href":"https:\/\/api.w.org\/{rel}","templated":true}]}}