{"id":73202,"date":"2023-11-23T15:06:23","date_gmt":"2023-11-23T14:06:23","guid":{"rendered":"https:\/\/popermint.com\/trak-desire-dark-celadon\/"},"modified":"2024-07-02T08:14:39","modified_gmt":"2024-07-02T06:14:39","slug":"trak-desire-dark-celadon","status":"publish","type":"product","link":"https:\/\/popermint.com\/sl\/trak-desire-dark-celadon\/","title":{"rendered":"Trak Desire Dark Celadon"},"content":{"rendered":"","protected":false},"excerpt":{"rendered":"<p>Barts naglavni trak zdru\u017euje slog, udobje in funkcionalnost. Natan\u010dno oblikovani detajli in \u0161irok izbor barv, vzorcev ter tekstur vas bodo takoj pritegnili. Izdelani iz visokokakovostnih materialov zagotavljajo udobno prileganje in dihanje ko\u017ee. Idealen za vsako prilo\u017enost, ne glede na to, ali \u017eelite \u0161porten ali klasi\u010den videz, je popoln dodatek k va\u0161i garderobi.<\/p>\n","protected":false},"featured_media":73134,"template":"","meta":[],"product_brand":[],"product_cat":[809,816],"product_tag":[],"class_list":{"0":"post-73202","1":"product","2":"type-product","3":"status-publish","4":"has-post-thumbnail","6":"product_cat-barts","7":"product_cat-naglavni-traki","9":"first","10":"instock","11":"taxable","12":"shipping-taxable","13":"purchasable","14":"product-type-simple"},"_links":{"self":[{"href":"https:\/\/popermint.com\/sl\/wp-json\/wp\/v2\/product\/73202","targetHints":{"allow":["GET"]}}],"collection":[{"href":"https:\/\/popermint.com\/sl\/wp-json\/wp\/v2\/product"}],"about":[{"href":"https:\/\/popermint.com\/sl\/wp-json\/wp\/v2\/types\/product"}],"wp:featuredmedia":[{"embeddable":true,"href":"https:\/\/popermint.com\/sl\/wp-json\/wp\/v2\/media\/73134"}],"wp:attachment":[{"href":"https:\/\/popermint.com\/sl\/wp-json\/wp\/v2\/media?parent=73202"}],"wp:term":[{"taxonomy":"product_brand","embeddable":true,"href":"https:\/\/popermint.com\/sl\/wp-json\/wp\/v2\/product_brand?post=73202"},{"taxonomy":"product_cat","embeddable":true,"href":"https:\/\/popermint.com\/sl\/wp-json\/wp\/v2\/product_cat?post=73202"},{"taxonomy":"product_tag","embeddable":true,"href":"https:\/\/popermint.com\/sl\/wp-json\/wp\/v2\/product_tag?post=73202"}],"curies":[{"name":"wp","href":"https:\/\/api.w.org\/{rel}","templated":true}]}}