{"id":73222,"date":"2023-11-23T15:08:45","date_gmt":"2023-11-23T14:08:45","guid":{"rendered":"https:\/\/popermint.com\/kapa-kenzie-beanie-black\/"},"modified":"2026-01-19T22:05:31","modified_gmt":"2026-01-19T21:05:31","slug":"kapa-kenzie-beanie-black","status":"publish","type":"product","link":"https:\/\/popermint.com\/sl\/kapa-kenzie-beanie-black\/","title":{"rendered":"Kapa Kenzie Beanie Black"},"content":{"rendered":"","protected":false},"excerpt":{"rendered":"<p>Barts kape so zasnovane z mislijo na udobje in slog ter zdru\u017eujejo toplino z modnim dizajnom. Raznolika ponudba barv, vzorcev in krojev bo navdu\u0161ila vsak modni okus. Narejene iz kakovostnih materialov z natan\u010dno oblikovanimi detajli, nudijo za\u0161\u010dito pred mrazom in modni zimski izgled.<\/p>\n","protected":false},"featured_media":73092,"template":"","meta":[],"product_brand":[],"product_cat":[809,815],"product_tag":[],"class_list":{"0":"post-73222","1":"product","2":"type-product","3":"status-publish","4":"has-post-thumbnail","6":"product_cat-barts","7":"product_cat-kape","9":"first","10":"instock","11":"taxable","12":"shipping-taxable","13":"purchasable","14":"product-type-simple"},"_links":{"self":[{"href":"https:\/\/popermint.com\/sl\/wp-json\/wp\/v2\/product\/73222","targetHints":{"allow":["GET"]}}],"collection":[{"href":"https:\/\/popermint.com\/sl\/wp-json\/wp\/v2\/product"}],"about":[{"href":"https:\/\/popermint.com\/sl\/wp-json\/wp\/v2\/types\/product"}],"wp:featuredmedia":[{"embeddable":true,"href":"https:\/\/popermint.com\/sl\/wp-json\/wp\/v2\/media\/73092"}],"wp:attachment":[{"href":"https:\/\/popermint.com\/sl\/wp-json\/wp\/v2\/media?parent=73222"}],"wp:term":[{"taxonomy":"product_brand","embeddable":true,"href":"https:\/\/popermint.com\/sl\/wp-json\/wp\/v2\/product_brand?post=73222"},{"taxonomy":"product_cat","embeddable":true,"href":"https:\/\/popermint.com\/sl\/wp-json\/wp\/v2\/product_cat?post=73222"},{"taxonomy":"product_tag","embeddable":true,"href":"https:\/\/popermint.com\/sl\/wp-json\/wp\/v2\/product_tag?post=73222"}],"curies":[{"name":"wp","href":"https:\/\/api.w.org\/{rel}","templated":true}]}}