{"id":76761,"date":"2023-12-08T19:14:48","date_gmt":"2023-12-08T18:14:48","guid":{"rendered":"https:\/\/popermint.com\/zepek-za-kovance\/"},"modified":"2026-01-05T10:59:46","modified_gmt":"2026-01-05T09:59:46","slug":"zepek-za-kovance","status":"publish","type":"product","link":"https:\/\/popermint.com\/sl\/zepek-za-kovance\/","title":{"rendered":"\u017depek za kovance"},"content":{"rendered":"","protected":false},"excerpt":{"rendered":"<p>Elegantna re\u0161itev za organizirano no\u0161enje kovancev v denarnici Secrid. Navdihnjen z origami dizajnom, omogo\u010da prostor za kovance in druge majhne stvari. Z gladkim gibanjem in prozornim pokrovom pa dose\u017eete preprost dostop do vsebine, zdru\u017euje funkcionalnost in stil v enem.<\/p>\n","protected":false},"featured_media":76587,"template":"","meta":[],"product_brand":[],"product_cat":[805],"product_tag":[],"class_list":{"0":"post-76761","1":"product","2":"type-product","3":"status-publish","4":"has-post-thumbnail","6":"product_cat-secrid-denarnice","8":"first","9":"instock","10":"taxable","11":"shipping-taxable","12":"purchasable","13":"product-type-simple"},"_links":{"self":[{"href":"https:\/\/popermint.com\/sl\/wp-json\/wp\/v2\/product\/76761","targetHints":{"allow":["GET"]}}],"collection":[{"href":"https:\/\/popermint.com\/sl\/wp-json\/wp\/v2\/product"}],"about":[{"href":"https:\/\/popermint.com\/sl\/wp-json\/wp\/v2\/types\/product"}],"wp:featuredmedia":[{"embeddable":true,"href":"https:\/\/popermint.com\/sl\/wp-json\/wp\/v2\/media\/76587"}],"wp:attachment":[{"href":"https:\/\/popermint.com\/sl\/wp-json\/wp\/v2\/media?parent=76761"}],"wp:term":[{"taxonomy":"product_brand","embeddable":true,"href":"https:\/\/popermint.com\/sl\/wp-json\/wp\/v2\/product_brand?post=76761"},{"taxonomy":"product_cat","embeddable":true,"href":"https:\/\/popermint.com\/sl\/wp-json\/wp\/v2\/product_cat?post=76761"},{"taxonomy":"product_tag","embeddable":true,"href":"https:\/\/popermint.com\/sl\/wp-json\/wp\/v2\/product_tag?post=76761"}],"curies":[{"name":"wp","href":"https:\/\/api.w.org\/{rel}","templated":true}]}}