{"id":82584,"date":"2023-12-15T13:33:56","date_gmt":"2023-12-15T12:33:56","guid":{"rendered":"https:\/\/popermint.com\/?post_type=product&#038;p=82584"},"modified":"2026-03-02T09:04:53","modified_gmt":"2026-03-02T08:04:53","slug":"majhna-torbica-adele","status":"publish","type":"product","link":"https:\/\/popermint.com\/sl\/majhna-torbica-adele\/","title":{"rendered":"Majhna torbica Adele"},"content":{"rendered":"","protected":false},"excerpt":{"rendered":"<p>Adele Small Pouch je majhna prakti\u010dna torbica blagovne znamke Wouf, izdelana iz visokokakovostne tkanine in z edinstvenim vzorcem. Torbica ima zadrgo za enostaven dostop do notranjosti, kjer je dovolj prostora za shranjevanje manj\u0161ih predmetov, kot so klju\u010di ali denar. Zaradi svoje majhnosti in funkcionalnosti je odli\u010dna izbira za vse, ki \u017eelijo torbico za vsakodnevno uporabo ali pa jo lahko uporabijo kot dodaten \u017eep za shranjevanje vsebin v ve\u010dji torbi.<\/p>\n","protected":false},"featured_media":82529,"template":"","meta":[],"product_brand":[],"product_cat":[780],"product_tag":[],"class_list":{"0":"post-82584","1":"product","2":"type-product","3":"status-publish","4":"has-post-thumbnail","6":"product_cat-wouf","8":"first","9":"outofstock","10":"taxable","11":"shipping-taxable","12":"purchasable","13":"product-type-simple"},"_links":{"self":[{"href":"https:\/\/popermint.com\/sl\/wp-json\/wp\/v2\/product\/82584","targetHints":{"allow":["GET"]}}],"collection":[{"href":"https:\/\/popermint.com\/sl\/wp-json\/wp\/v2\/product"}],"about":[{"href":"https:\/\/popermint.com\/sl\/wp-json\/wp\/v2\/types\/product"}],"wp:featuredmedia":[{"embeddable":true,"href":"https:\/\/popermint.com\/sl\/wp-json\/wp\/v2\/media\/82529"}],"wp:attachment":[{"href":"https:\/\/popermint.com\/sl\/wp-json\/wp\/v2\/media?parent=82584"}],"wp:term":[{"taxonomy":"product_brand","embeddable":true,"href":"https:\/\/popermint.com\/sl\/wp-json\/wp\/v2\/product_brand?post=82584"},{"taxonomy":"product_cat","embeddable":true,"href":"https:\/\/popermint.com\/sl\/wp-json\/wp\/v2\/product_cat?post=82584"},{"taxonomy":"product_tag","embeddable":true,"href":"https:\/\/popermint.com\/sl\/wp-json\/wp\/v2\/product_tag?post=82584"}],"curies":[{"name":"wp","href":"https:\/\/api.w.org\/{rel}","templated":true}]}}